{"id":26,"date":"2013-12-14T11:06:54","date_gmt":"2013-12-14T11:06:54","guid":{"rendered":"http:\/\/sac-homberg.ch\/wordpress\/?page_id=26"},"modified":"2014-10-31T22:50:33","modified_gmt":"2014-10-31T22:50:33","slug":"fuer-interessenten","status":"publish","type":"page","link":"https:\/\/sac-homberg.ch\/wordpress\/verschiedenes\/fuer-interessenten\/","title":{"rendered":"F\u00fcr Interessierte"},"content":{"rendered":"<p style=\"text-align: justify;\">Haben Sie nach dem Surfen auf unserer Seite Lust gekriegt, Mitglied zu werden? Melden Sie sich f\u00fcr eine Tour an, die auf dem <a title=\"Unser Tourenprogramm\" href=\"https:\/\/sac-homberg.ch\/wordpress\/?page_id=15\">Monatsprogramm<\/a> aufgef\u00fchrt ist. Haben Sie <b>innerhalb eines Jahres drei Pflichttouren<\/b> aboslviert, k\u00f6nnen Sie ein Aufnahmegesuch anfordern. Dieses senden Sie an den Vorstand, von dem es dann gepr\u00fcft wird. Sind alle Kriterien erf\u00fcllt, wird der Interessent an der n\u00e4chsten Mitgliederversammlung zur Aufnahme empfohlen. T\u00f6nt umst\u00e4ndlich und kompliziert, so m\u00f6chten wir aber sicherstellen, dass wir ein aktiver Verein mit aktiven Mitgliedern bleiben.<\/p>\n<p style=\"text-align: justify;\"><em>Mitgliederverwalter:<\/em><br \/>\nUrs Kyburz<br \/>\nSchorenstrassen 31<br \/>\n5734 Reinach<br \/>\nTel. 062 771 10 11<br \/>\n<a href=\"mailto:urs.kyburz@sac-homberg.ch\">urs.kyburz@sac-homberg.ch<\/a><\/p>\n","protected":false},"excerpt":{"rendered":"<p>Haben Sie nach dem Surfen auf unserer Seite Lust gekriegt, Mitglied zu werden? Melden Sie sich f\u00fcr eine Tour an, die auf dem Monatsprogramm aufgef\u00fchrt ist. Haben Sie innerhalb eines Jahres drei Pflichttouren aboslviert, k\u00f6nnen Sie ein Aufnahmegesuch anfordern. Dieses senden Sie an den Vorstand, von dem es dann gepr\u00fcft wird. Sind alle Kriterien erf\u00fcllt, &hellip; <a href=\"https:\/\/sac-homberg.ch\/wordpress\/verschiedenes\/fuer-interessenten\/\" class=\"more-link\"><span class=\"screen-reader-text\">F\u00fcr Interessierte<\/span> weiterlesen <span class=\"meta-nav\">&rarr;<\/span><\/a><\/p>\n","protected":false},"author":1,"featured_media":0,"parent":22,"menu_order":5,"comment_status":"open","ping_status":"open","template":"","meta":{"_monsterinsights_skip_tracking":false,"_monsterinsights_sitenote_active":false,"_monsterinsights_sitenote_note":"","_monsterinsights_sitenote_category":0,"jetpack_post_was_ever_published":false,"footnotes":""},"class_list":["post-26","page","type-page","status-publish","hentry"],"jetpack_shortlink":"https:\/\/wp.me\/P772lX-q","jetpack_sharing_enabled":true,"_links":{"self":[{"href":"https:\/\/sac-homberg.ch\/wordpress\/wp-json\/wp\/v2\/pages\/26","targetHints":{"allow":["GET"]}}],"collection":[{"href":"https:\/\/sac-homberg.ch\/wordpress\/wp-json\/wp\/v2\/pages"}],"about":[{"href":"https:\/\/sac-homberg.ch\/wordpress\/wp-json\/wp\/v2\/types\/page"}],"author":[{"embeddable":true,"href":"https:\/\/sac-homberg.ch\/wordpress\/wp-json\/wp\/v2\/users\/1"}],"replies":[{"embeddable":true,"href":"https:\/\/sac-homberg.ch\/wordpress\/wp-json\/wp\/v2\/comments?post=26"}],"version-history":[{"count":2,"href":"https:\/\/sac-homberg.ch\/wordpress\/wp-json\/wp\/v2\/pages\/26\/revisions"}],"predecessor-version":[{"id":28,"href":"https:\/\/sac-homberg.ch\/wordpress\/wp-json\/wp\/v2\/pages\/26\/revisions\/28"}],"up":[{"embeddable":true,"href":"https:\/\/sac-homberg.ch\/wordpress\/wp-json\/wp\/v2\/pages\/22"}],"wp:attachment":[{"href":"https:\/\/sac-homberg.ch\/wordpress\/wp-json\/wp\/v2\/media?parent=26"}],"curies":[{"name":"wp","href":"https:\/\/api.w.org\/{rel}","templated":true}]}}